{"id":6358,"date":"2022-07-07T11:04:29","date_gmt":"2022-07-07T11:04:29","guid":{"rendered":"https:\/\/bertablasi.com\/?page_id=6358"},"modified":"2022-08-24T15:56:09","modified_gmt":"2022-08-24T15:56:09","slug":"informes-tecnics","status":"publish","type":"page","link":"https:\/\/bertablasi.com\/es\/serveis\/informes-tecnics\/","title":{"rendered":"Informes t\u00e9cnicos"},"content":{"rendered":"<p><div class=\"fusion-bg-parallax\" data-bg-align=\"center center\" data-direction=\"up\" data-mute=\"false\" data-opacity=\"100\" data-velocity=\"-0.3\" data-mobile-enabled=\"false\" data-break_parents=\"0\" data-bg-image=\"https:\/\/bertablasi.com\/wp-content\/uploads\/2021\/04\/IMG_9692_reis.jpg\" data-bg-repeat=\"false\" ><\/div><div class=\"fusion-fullwidth fullwidth-box fusion-builder-row-4 fusion-flex-container fusion-parallax-up nonhundred-percent-fullwidth non-hundred-percent-height-scrolling lazyload\" style=\"--awb-border-radius-top-left:0px;--awb-border-radius-top-right:0px;--awb-border-radius-bottom-right:0px;--awb-border-radius-bottom-left:0px;--awb-padding-top:100px;--awb-padding-right:130px;--awb-padding-bottom:100px;--awb-padding-left:130px;--awb-padding-top-medium:90px;--awb-padding-left-medium:4%;--awb-padding-top-small:70px;--awb-padding-right-small:35px;--awb-padding-bottom-small:35px;--awb-padding-left-small:35px;--awb-margin-bottom:0px;--awb-margin-bottom-small:0px;--awb-background-size:cover;--awb-flex-wrap:wrap;\" data-bg=\"https:\/\/bertablasi.com\/wp-content\/uploads\/2021\/04\/IMG_9692_reis.jpg\" ><div class=\"fusion-builder-row fusion-row fusion-flex-align-items-center fusion-flex-content-wrap\" style=\"max-width:1248px;margin-left: calc(-4% \/ 2 );margin-right: calc(-4% \/ 2 );\"><div class=\"fusion-layout-column fusion_builder_column fusion-builder-column-4 fusion-flex-column fusion-column-inner-bg-wrapper\" style=\"--awb-padding-top:50px;--awb-padding-right:85px;--awb-padding-bottom:50px;--awb-padding-left:85px;--awb-padding-top-small:65px;--awb-padding-right-small:65px;--awb-padding-bottom-small:65px;--awb-padding-left-small:65px;--awb-inner-bg-color:var(--awb-color5);--awb-inner-bg-color-hover:var(--awb-color5);--awb-inner-bg-size:cover;--awb-width-large:60%;--awb-margin-top-large:0px;--awb-spacing-right-large:3.2%;--awb-margin-bottom-large:0px;--awb-spacing-left-large:3.2%;--awb-width-medium:85%;--awb-order-medium:0;--awb-spacing-right-medium:0px;--awb-margin-bottom-medium:60px;--awb-spacing-left-medium:2.2588235294118%;--awb-width-small:100%;--awb-order-small:0;--awb-spacing-right-small:1.92%;--awb-spacing-left-small:1.92%;\"><span class=\"fusion-column-inner-bg hover-type-none\"><a class=\"fusion-column-anchor\" href=\"https:\/\/bertablasi.com\/cozy-beach-house\/\"><span class=\"fusion-column-inner-bg-image\"><\/span><\/a><\/span><div class=\"fusion-column-wrapper fusion-column-has-shadow fusion-flex-justify-content-flex-start fusion-content-layout-column\"><div class=\"fusion-title title fusion-title-2 fusion-sep-none fusion-title-text fusion-title-size-one\" style=\"--awb-text-color:var(--awb-color1);--awb-margin-top:0px;--awb-margin-bottom:0px;--awb-font-size:58px;\"><h1 class=\"fusion-title-heading title-heading-left fusion-responsive-typography-calculated\" style=\"margin:0;font-size:1em;--fontSize:58;line-height:1.22;\">Informes t\u00e9cnicos<\/h1><\/div><div class=\"fusion-separator\" style=\"align-self: flex-start;margin-right:auto;margin-top:40px;margin-bottom:40px;width:100%;max-width:75px;\"><div class=\"fusion-separator-border sep-single sep-solid\" style=\"--awb-height:20px;--awb-amount:20px;--awb-sep-color:#ffffff;border-color:#ffffff;border-top-width:2px;\"><\/div><\/div><div class=\"fusion-text fusion-text-9\" style=\"--awb-text-color:var(--awb-color1);\"><p>Como <strong>expertos en el patrimonio documental i la obra grafica<\/strong> emitimos informes t\u00e9cnicos que analizan y ponen en valor los objetos y las colecciones.<\/p>\n<\/div><\/div><\/div><\/div><\/div><div class=\"fusion-fullwidth fullwidth-box fusion-builder-row-5 fusion-flex-container nonhundred-percent-fullwidth non-hundred-percent-height-scrolling\" style=\"--awb-border-radius-top-left:0px;--awb-border-radius-top-right:0px;--awb-border-radius-bottom-right:0px;--awb-border-radius-bottom-left:0px;--awb-padding-top:90px;--awb-padding-right:150px;--awb-padding-bottom:30px;--awb-padding-left:150px;--awb-padding-top-medium:80px;--awb-padding-right-medium:60px;--awb-padding-bottom-medium:80px;--awb-padding-left-medium:60px;--awb-padding-right-small:35px;--awb-padding-left-small:35px;--awb-background-color:var(--awb-color1);--awb-flex-wrap:wrap;\" ><div class=\"fusion-builder-row fusion-row fusion-flex-align-items-stretch fusion-flex-content-wrap\" style=\"max-width:calc( 1200px + 60px );margin-left: calc(-60px \/ 2 );margin-right: calc(-60px \/ 2 );\"><div class=\"fusion-layout-column fusion_builder_column fusion-builder-column-5 fusion_builder_column_1_3 1_3 fusion-flex-column fusion-animated\" style=\"--awb-bg-size:cover;--awb-width-large:33.333333333333%;--awb-margin-top-large:0px;--awb-spacing-right-large:30px;--awb-margin-bottom-large:135px;--awb-spacing-left-large:30px;--awb-width-medium:100%;--awb-order-medium:0;--awb-spacing-right-medium:30px;--awb-margin-bottom-medium:80px;--awb-spacing-left-medium:30px;--awb-width-small:100%;--awb-order-small:0;--awb-spacing-right-small:30px;--awb-margin-bottom-small:55px;--awb-spacing-left-small:30px;\" data-animationType=\"fadeInUp\" data-animationDuration=\"1.0\" data-animationOffset=\"top-into-view\"><div class=\"fusion-column-wrapper fusion-column-has-shadow fusion-flex-justify-content-flex-start fusion-content-layout-column\"><div class=\"fusion-text fusion-text-10 fusion-text-no-margin\" style=\"--awb-font-size:36px;--awb-text-color:var(--awb-color5);--awb-margin-bottom:0px;--awb-text-font-family:&quot;Open Sans&quot;;--awb-text-font-style:normal;--awb-text-font-weight:800;\"><p>\u00bfQu\u00e9 hacemos?<\/p>\n<\/div><div class=\"fusion-text fusion-text-11\" style=\"--awb-content-alignment:left;\"><p>Para m\u00faltiples finalidades se requieren informes elaborados por expertos que apoyen y justifiquen determinadas actuaciones.<\/p>\n<\/div><div class=\"fusion-image-element \" style=\"--awb-caption-title-font-family:var(--h2_typography-font-family);--awb-caption-title-font-weight:var(--h2_typography-font-weight);--awb-caption-title-font-style:var(--h2_typography-font-style);--awb-caption-title-size:var(--h2_typography-font-size);--awb-caption-title-transform:var(--h2_typography-text-transform);--awb-caption-title-line-height:var(--h2_typography-line-height);--awb-caption-title-letter-spacing:var(--h2_typography-letter-spacing);\"><span class=\" fusion-imageframe imageframe-none imageframe-2 hover-type-none\"><img decoding=\"async\" width=\"612\" height=\"612\" alt=\"El despatx del taller durant l&#039;elaboraci\u00f3 d&#039;un informe t\u00e8cnic sobre l&#039;estat d&#039;una col\u00b7lecci\u00f3.\" title=\"El despatx del taller durant l&#8217;elaboraci\u00f3 d&#8217;un informe t\u00e8cnic sobre l&#8217;estat d&#8217;una col\u00b7lecci\u00f3.\" src=\"https:\/\/bertablasi.com\/wp-content\/uploads\/2014\/05\/BBlasi_informes_tecnics_despatx.jpg?v=1688739122\" data-orig-src=\"https:\/\/bertablasi.com\/wp-content\/uploads\/2014\/05\/BBlasi_informes_tecnics_despatx.jpg\" class=\"lazyload img-responsive wp-image-3934\" srcset=\"data:image\/svg+xml,%3Csvg%20xmlns%3D%27http%3A%2F%2Fwww.w3.org%2F2000%2Fsvg%27%20width%3D%27612%27%20height%3D%27612%27%20viewBox%3D%270%200%20612%20612%27%3E%3Crect%20width%3D%27612%27%20height%3D%27612%27%20fill-opacity%3D%220%22%2F%3E%3C%2Fsvg%3E\" data-srcset=\"https:\/\/bertablasi.com\/wp-content\/uploads\/2014\/05\/BBlasi_informes_tecnics_despatx-55x55.jpg?v=1688739122 55w, https:\/\/bertablasi.com\/wp-content\/uploads\/2014\/05\/BBlasi_informes_tecnics_despatx-66x66.jpg?v=1688739122 66w, https:\/\/bertablasi.com\/wp-content\/uploads\/2014\/05\/BBlasi_informes_tecnics_despatx-150x150.jpg?v=1688739122 150w, https:\/\/bertablasi.com\/wp-content\/uploads\/2014\/05\/BBlasi_informes_tecnics_despatx-200x200.jpg?v=1688739122 200w, https:\/\/bertablasi.com\/wp-content\/uploads\/2014\/05\/BBlasi_informes_tecnics_despatx-230x230.jpg?v=1688739122 230w, https:\/\/bertablasi.com\/wp-content\/uploads\/2014\/05\/BBlasi_informes_tecnics_despatx-300x300.jpg?v=1688739122 300w, https:\/\/bertablasi.com\/wp-content\/uploads\/2014\/05\/BBlasi_informes_tecnics_despatx-312x312.jpg?v=1688739122 312w, https:\/\/bertablasi.com\/wp-content\/uploads\/2014\/05\/BBlasi_informes_tecnics_despatx-313x313.jpg?v=1688739122 313w, https:\/\/bertablasi.com\/wp-content\/uploads\/2014\/05\/BBlasi_informes_tecnics_despatx-400x400.jpg?v=1688739122 400w, https:\/\/bertablasi.com\/wp-content\/uploads\/2014\/05\/BBlasi_informes_tecnics_despatx-480x480.jpg?v=1688739122 480w, https:\/\/bertablasi.com\/wp-content\/uploads\/2014\/05\/BBlasi_informes_tecnics_despatx-600x600.jpg?v=1688739122 600w, https:\/\/bertablasi.com\/wp-content\/uploads\/2014\/05\/BBlasi_informes_tecnics_despatx.jpg?v=1688739122 612w\" data-sizes=\"auto\" data-orig-sizes=\"(max-width: 640px) 100vw, 400px\" \/><\/span><\/div><\/div><\/div><div class=\"fusion-layout-column fusion_builder_column fusion-builder-column-6 fusion_builder_column_2_3 2_3 fusion-flex-column\" style=\"--awb-bg-size:cover;--awb-width-large:66.666666666667%;--awb-margin-top-large:0px;--awb-spacing-right-large:30px;--awb-margin-bottom-large:20px;--awb-spacing-left-large:30px;--awb-width-medium:66.666666666667%;--awb-order-medium:0;--awb-spacing-right-medium:30px;--awb-spacing-left-medium:30px;--awb-width-small:100%;--awb-order-small:0;--awb-spacing-right-small:30px;--awb-spacing-left-small:30px;\"><div class=\"fusion-column-wrapper fusion-column-has-shadow fusion-flex-justify-content-flex-start fusion-content-layout-column\"><div class=\"fusion-builder-row fusion-builder-row-inner fusion-row fusion-flex-align-items-stretch fusion-flex-content-wrap\" style=\"width:calc( 100% + 60px ) !important;max-width:calc( 100% + 60px ) !important;margin-left: calc(-60px \/ 2 );margin-right: calc(-60px \/ 2 );\"><div class=\"fusion-layout-column fusion_builder_column_inner fusion-builder-nested-column-2 fusion_builder_column_inner_1_1 1_1 fusion-flex-column\" style=\"--awb-bg-size:cover;--awb-width-large:100%;--awb-margin-top-large:0px;--awb-spacing-right-large:30px;--awb-margin-bottom-large:0px;--awb-spacing-left-large:30px;--awb-width-medium:100%;--awb-order-medium:0;--awb-spacing-right-medium:30px;--awb-spacing-left-medium:30px;--awb-width-small:100%;--awb-order-small:0;--awb-spacing-right-small:30px;--awb-spacing-left-small:30px;\"><div class=\"fusion-column-wrapper fusion-column-has-shadow fusion-flex-justify-content-flex-start fusion-content-layout-column\"><div class=\"fusion-text fusion-text-12 fusion-text-no-margin\" style=\"--awb-font-size:36px;--awb-text-color:var(--awb-color5);--awb-margin-bottom:0px;--awb-text-font-family:&quot;Open Sans&quot;;--awb-text-font-style:normal;--awb-text-font-weight:800;\"><p>\u00bfC\u00f3mo lo hacemos?<\/p>\n<\/div><\/div><\/div><div class=\"fusion-layout-column fusion_builder_column_inner fusion-builder-nested-column-3 fusion_builder_column_inner_1_1 1_1 fusion-flex-column\" style=\"--awb-padding-top:5%;--awb-padding-right:5%;--awb-padding-left:5%;--awb-bg-color:#f7f7f7;--awb-bg-color-hover:#f7f7f7;--awb-bg-size:cover;--awb-border-color:var(--awb-color5);--awb-border-left:3px;--awb-border-style:solid;--awb-width-large:100%;--awb-margin-top-large:0px;--awb-spacing-right-large:30px;--awb-margin-bottom-large:30px;--awb-spacing-left-large:30px;--awb-width-medium:100%;--awb-order-medium:0;--awb-spacing-right-medium:30px;--awb-spacing-left-medium:30px;--awb-width-small:100%;--awb-order-small:0;--awb-spacing-right-small:30px;--awb-spacing-left-small:30px;\"><div class=\"fusion-column-wrapper fusion-column-has-shadow fusion-flex-justify-content-flex-start fusion-content-layout-column\"><div class=\"fusion-text fusion-text-13\"><p>En el taller s\u00f3lo utilizamos materiales que han sido qu\u00edmica y f\u00edsicamente probados. Han demostrado la <strong>estabilidad qu\u00edmica y f\u00edsica<\/strong> a lo largo del tiempo y tienen un comportamiento controlado ante el envejecimiento. As\u00ed podemos asegurar que ninguno de los materiales que utilizamos perjudica a la pieza restaurada.<\/p>\n<\/div><div class=\"fusion-text fusion-text-14\"><p>Cuenta con nosotros si te interesa:<\/p>\n<ul>\n<li><strong>Un peritaje judicial:<\/strong> emitimos informes periciales para juicios en materia de patrimonio documental y obra gr\u00e1fica.<\/li>\n<li><strong>La evaluaci\u00f3n del estado de una colecci\u00f3n:<\/strong> inventariamos y evaluamos fondos y colecciones para determinar su estado de conservaci\u00f3n. Este informe tambi\u00e9n nos ayuda a priorizar actuaciones como restauraciones o sistemas de almacenamiento.<\/li>\n<li><strong>Un plan de desastres:<\/strong> tener un plan de actuaci\u00f3n frente a un desastre deber\u00eda estar dentro de las prioridades de todo archivo, biblioteca o museo. Desde el taller ofrecemos planes a medida para cada caso.<\/li>\n<\/ul>\n<\/div><\/div><\/div><\/div><\/div><\/div><\/div><\/div><div class=\"fusion-fullwidth fullwidth-box fusion-builder-row-6 fusion-flex-container nonhundred-percent-fullwidth non-hundred-percent-height-scrolling\" style=\"--awb-border-radius-top-left:0px;--awb-border-radius-top-right:0px;--awb-border-radius-bottom-right:0px;--awb-border-radius-bottom-left:0px;--awb-padding-top:35px;--awb-padding-bottom:35px;--awb-background-color:var(--awb-color2);--awb-flex-wrap:wrap;\" ><div class=\"fusion-builder-row fusion-row fusion-flex-align-items-flex-start fusion-flex-content-wrap\" style=\"max-width:1248px;margin-left: calc(-4% \/ 2 );margin-right: calc(-4% \/ 2 );\"><div class=\"fusion-layout-column fusion_builder_column fusion-builder-column-7 fusion_builder_column_1_1 1_1 fusion-flex-column\" style=\"--awb-bg-size:cover;--awb-width-large:100%;--awb-margin-top-large:0px;--awb-spacing-right-large:1.92%;--awb-margin-bottom-large:20px;--awb-spacing-left-large:1.92%;--awb-width-medium:100%;--awb-order-medium:0;--awb-spacing-right-medium:1.92%;--awb-spacing-left-medium:1.92%;--awb-width-small:100%;--awb-order-small:0;--awb-spacing-right-small:1.92%;--awb-spacing-left-small:1.92%;\"><div class=\"fusion-column-wrapper fusion-column-has-shadow fusion-flex-justify-content-flex-start fusion-content-layout-column\"><div class=\"fusion-text fusion-text-15 fusion-text-no-margin\" style=\"--awb-content-alignment:center;--awb-font-size:42px;--awb-text-color:var(--awb-color5);--awb-margin-bottom:0px;--awb-text-font-family:&quot;Open Sans&quot;;--awb-text-font-style:normal;--awb-text-font-weight:800;\"><p>Contacta con nosotros<\/p>\n<\/div><div class=\"fusion-text fusion-text-16\" style=\"--awb-content-alignment:center;\"><p>Si tienes cualquier duda o consulta, no dudes en preguntarnos y te atenderemos r\u00e1pidamente.<\/p>\n<\/div><div style=\"text-align:center;\"><a class=\"fusion-button button-flat fusion-button-default-size button-default fusion-button-default button-2 fusion-button-default-span fusion-button-default-type\" target=\"_self\" href=\"\/es\/contacte\/\"><span class=\"fusion-button-text awb-button__text awb-button__text--default\">Contactar<\/span><\/a><\/div><\/div><\/div><\/div><\/div><\/p>","protected":false},"excerpt":{"rendered":"","protected":false},"author":2,"featured_media":0,"parent":6323,"menu_order":0,"comment_status":"closed","ping_status":"closed","template":"100-width.php","meta":{"footnotes":""},"class_list":["post-6358","page","type-page","status-publish","hentry"],"aioseo_notices":[],"_links":{"self":[{"href":"https:\/\/bertablasi.com\/es\/wp-json\/wp\/v2\/pages\/6358","targetHints":{"allow":["GET"]}}],"collection":[{"href":"https:\/\/bertablasi.com\/es\/wp-json\/wp\/v2\/pages"}],"about":[{"href":"https:\/\/bertablasi.com\/es\/wp-json\/wp\/v2\/types\/page"}],"author":[{"embeddable":true,"href":"https:\/\/bertablasi.com\/es\/wp-json\/wp\/v2\/users\/2"}],"replies":[{"embeddable":true,"href":"https:\/\/bertablasi.com\/es\/wp-json\/wp\/v2\/comments?post=6358"}],"version-history":[{"count":14,"href":"https:\/\/bertablasi.com\/es\/wp-json\/wp\/v2\/pages\/6358\/revisions"}],"predecessor-version":[{"id":6700,"href":"https:\/\/bertablasi.com\/es\/wp-json\/wp\/v2\/pages\/6358\/revisions\/6700"}],"up":[{"embeddable":true,"href":"https:\/\/bertablasi.com\/es\/wp-json\/wp\/v2\/pages\/6323"}],"wp:attachment":[{"href":"https:\/\/bertablasi.com\/es\/wp-json\/wp\/v2\/media?parent=6358"}],"curies":[{"name":"wp","href":"https:\/\/api.w.org\/{rel}","templated":true}]}}