{"id":6355,"date":"2022-07-07T10:58:58","date_gmt":"2022-07-07T10:58:58","guid":{"rendered":"https:\/\/bertablasi.com\/?page_id=6355"},"modified":"2022-08-30T14:12:28","modified_gmt":"2022-08-30T14:12:28","slug":"assessorament","status":"publish","type":"page","link":"https:\/\/bertablasi.com\/es\/serveis\/assessorament\/","title":{"rendered":"Assessorament"},"content":{"rendered":"<p><div class=\"fusion-bg-parallax\" data-bg-align=\"center center\" data-direction=\"up\" data-mute=\"false\" data-opacity=\"100\" data-velocity=\"-0.3\" data-mobile-enabled=\"false\" data-break_parents=\"0\" data-bg-image=\"https:\/\/bertablasi.com\/wp-content\/uploads\/2022\/07\/assessorament.jpg\" data-bg-repeat=\"false\" ><\/div><div class=\"fusion-fullwidth fullwidth-box fusion-builder-row-4 fusion-flex-container fusion-parallax-up nonhundred-percent-fullwidth non-hundred-percent-height-scrolling lazyload\" style=\"--awb-border-radius-top-left:0px;--awb-border-radius-top-right:0px;--awb-border-radius-bottom-right:0px;--awb-border-radius-bottom-left:0px;--awb-padding-top:100px;--awb-padding-right:130px;--awb-padding-bottom:100px;--awb-padding-left:130px;--awb-padding-top-medium:90px;--awb-padding-left-medium:4%;--awb-padding-top-small:70px;--awb-padding-right-small:35px;--awb-padding-bottom-small:35px;--awb-padding-left-small:35px;--awb-margin-bottom:0px;--awb-margin-bottom-small:0px;--awb-background-size:cover;--awb-flex-wrap:wrap;\" data-bg=\"https:\/\/bertablasi.com\/wp-content\/uploads\/2022\/07\/assessorament.jpg\" ><div class=\"fusion-builder-row fusion-row fusion-flex-align-items-center fusion-flex-content-wrap\" style=\"max-width:1248px;margin-left: calc(-4% \/ 2 );margin-right: calc(-4% \/ 2 );\"><div class=\"fusion-layout-column fusion_builder_column fusion-builder-column-4 fusion-flex-column fusion-column-inner-bg-wrapper\" style=\"--awb-padding-top:50px;--awb-padding-right:60px;--awb-padding-bottom:50px;--awb-padding-left:60px;--awb-padding-top-small:65px;--awb-padding-right-small:65px;--awb-padding-bottom-small:65px;--awb-padding-left-small:65px;--awb-inner-bg-color:var(--awb-color5);--awb-inner-bg-color-hover:var(--awb-color5);--awb-inner-bg-size:cover;--awb-width-large:60%;--awb-margin-top-large:0px;--awb-spacing-right-large:3.2%;--awb-margin-bottom-large:0px;--awb-spacing-left-large:3.2%;--awb-width-medium:85%;--awb-order-medium:0;--awb-spacing-right-medium:0px;--awb-margin-bottom-medium:60px;--awb-spacing-left-medium:2.2588235294118%;--awb-width-small:100%;--awb-order-small:0;--awb-spacing-right-small:1.92%;--awb-spacing-left-small:1.92%;\"><span class=\"fusion-column-inner-bg hover-type-none\"><a class=\"fusion-column-anchor\" href=\"https:\/\/bertablasi.com\/cozy-beach-house\/\"><span class=\"fusion-column-inner-bg-image\"><\/span><\/a><\/span><div class=\"fusion-column-wrapper fusion-column-has-shadow fusion-flex-justify-content-flex-start fusion-content-layout-column\"><div class=\"fusion-title title fusion-title-2 fusion-sep-none fusion-title-text fusion-title-size-one\" style=\"--awb-text-color:var(--awb-color1);--awb-margin-top:0px;--awb-margin-bottom:0px;--awb-font-size:58px;\"><h1 class=\"fusion-title-heading title-heading-left fusion-responsive-typography-calculated\" style=\"margin:0;font-size:1em;--fontSize:58;line-height:1.22;\">Assessorament<\/h1><\/div><div class=\"fusion-separator\" style=\"align-self: flex-start;margin-right:auto;margin-top:40px;margin-bottom:40px;width:100%;max-width:75px;\"><div class=\"fusion-separator-border sep-single sep-solid\" style=\"--awb-height:20px;--awb-amount:20px;--awb-sep-color:#ffffff;border-color:#ffffff;border-top-width:2px;\"><\/div><\/div><div class=\"fusion-text fusion-text-6\" style=\"--awb-text-color:var(--awb-color1);\"><p>Des del taller oferim\u00a0<strong>assessorament professional per a afrontar processos complexes,<\/strong>\u00a0establint pautes d\u2019actuaci\u00f3 i fent un seguiment i avaluaci\u00f3 continu.<\/p>\n<\/div><\/div><\/div><\/div><\/div><div class=\"fusion-fullwidth fullwidth-box fusion-builder-row-5 fusion-flex-container nonhundred-percent-fullwidth non-hundred-percent-height-scrolling\" style=\"--awb-border-radius-top-left:0px;--awb-border-radius-top-right:0px;--awb-border-radius-bottom-right:0px;--awb-border-radius-bottom-left:0px;--awb-padding-top:90px;--awb-padding-right:150px;--awb-padding-bottom:60px;--awb-padding-left:150px;--awb-padding-top-medium:80px;--awb-padding-right-medium:60px;--awb-padding-bottom-medium:80px;--awb-padding-left-medium:60px;--awb-padding-right-small:35px;--awb-padding-left-small:35px;--awb-background-color:var(--awb-color1);--awb-flex-wrap:wrap;\" ><div class=\"fusion-builder-row fusion-row fusion-flex-align-items-stretch fusion-flex-content-wrap\" style=\"max-width:calc( 1200px + 60px );margin-left: calc(-60px \/ 2 );margin-right: calc(-60px \/ 2 );\"><div class=\"fusion-layout-column fusion_builder_column fusion-builder-column-5 fusion_builder_column_1_3 1_3 fusion-flex-column fusion-animated\" style=\"--awb-bg-size:cover;--awb-width-large:33.333333333333%;--awb-margin-top-large:0px;--awb-spacing-right-large:30px;--awb-margin-bottom-large:135px;--awb-spacing-left-large:30px;--awb-width-medium:100%;--awb-order-medium:0;--awb-spacing-right-medium:30px;--awb-margin-bottom-medium:80px;--awb-spacing-left-medium:30px;--awb-width-small:100%;--awb-order-small:0;--awb-spacing-right-small:30px;--awb-margin-bottom-small:55px;--awb-spacing-left-small:30px;\" data-animationType=\"fadeInUp\" data-animationDuration=\"1.0\" data-animationOffset=\"top-into-view\"><div class=\"fusion-column-wrapper fusion-column-has-shadow fusion-flex-justify-content-flex-start fusion-content-layout-column\"><div class=\"fusion-text fusion-text-7 fusion-text-no-margin\" style=\"--awb-font-size:36px;--awb-text-color:var(--awb-color5);--awb-margin-bottom:0px;--awb-text-font-family:&quot;Open Sans&quot;;--awb-text-font-style:normal;--awb-text-font-weight:800;\"><p>Qu\u00e8 fem?<\/p>\n<\/div><div class=\"fusion-text fusion-text-8\" style=\"--awb-content-alignment:left;\"><p><strong>Quan un fons s\u2019inunda<\/strong>, quan hi ha una<strong>\u00a0plaga de microorganismes o d\u2019insectes bibli\u00f2fags<\/strong>, quan arriba<strong>\u00a0una donaci\u00f3<\/strong>\u2026 Sovint sorgeixen preguntes: per on comencem? amb qu\u00e8 i com netegem? \u00e9s prudent incorporar les noves adquisicions als dip\u00f2sits? qu\u00e8 s\u2019ha de restaurar? quin criteri de prioritat hem establir?<\/p>\n<\/div><\/div><\/div><div class=\"fusion-layout-column fusion_builder_column fusion-builder-column-6 fusion_builder_column_2_3 2_3 fusion-flex-column\" style=\"--awb-bg-size:cover;--awb-width-large:66.666666666667%;--awb-margin-top-large:0px;--awb-spacing-right-large:30px;--awb-margin-bottom-large:20px;--awb-spacing-left-large:30px;--awb-width-medium:66.666666666667%;--awb-order-medium:0;--awb-spacing-right-medium:30px;--awb-spacing-left-medium:30px;--awb-width-small:100%;--awb-order-small:0;--awb-spacing-right-small:30px;--awb-spacing-left-small:30px;\"><div class=\"fusion-column-wrapper fusion-column-has-shadow fusion-flex-justify-content-flex-start fusion-content-layout-column\"><div class=\"awb-gallery-wrapper awb-gallery-wrapper-2 button-span-no\"><div style=\"margin:-30px;--awb-bordersize:0px;\" class=\"fusion-gallery fusion-gallery-container fusion-grid-1 fusion-columns-total-1 fusion-gallery-layout-grid fusion-gallery-2\"><div style=\"padding:30px;\" class=\"fusion-grid-column fusion-gallery-column fusion-gallery-column-1 hover-type-none\"><div class=\"fusion-gallery-image\"><a href=\"https:\/\/bertablasi.com\/wp-content\/uploads\/2014\/05\/BBlasi_assessorament_inundacio_incendi_plaga.jpg?v=1688739123\" rel=\"noreferrer\" data-rel=\"iLightbox[gallery_image_2]\" class=\"fusion-lightbox\" target=\"_self\"><img decoding=\"async\" src=\"https:\/\/bertablasi.com\/wp-content\/uploads\/2014\/05\/BBlasi_assessorament_inundacio_incendi_plaga.jpg?v=1688739123\" data-orig-src=\"https:\/\/bertablasi.com\/wp-content\/uploads\/2014\/05\/BBlasi_assessorament_inundacio_incendi_plaga.jpg?v=1688739123\" width=\"980\" height=\"546\" alt=\"1.- Documents afectats per una plaga d&#039;insectes bibli\u00f2fags, 2.- Documents assecant-se despr\u00e9s d&#039;una inundaci\u00f3 3.- Llibres de registre amb l&#039;enquadernaci\u00f3 totalment deteriorada per l&#039;efecte de l&#039;aigua 4.- Cartell d&#039;una col\u00b7lecci\u00f3 particular cremat en un incendi.\" title=\"1.- Documents afectats per una plaga d&#8217;insectes bibli\u00f2fags, 2.- Documents assecant-se despr\u00e9s d&#8217;una inundaci\u00f3 3.- Llibres de registre amb l&#8217;enquadernaci\u00f3 totalment deteriorada per l&#8217;efecte de l&#8217;aigua 4.- Cartell d&#8217;una col\u00b7lecci\u00f3 particular cremat en un incendi.\" aria-label=\"1.- Documents afectats per una plaga d&#8217;insectes bibli\u00f2fags, 2.- Documents assecant-se despr\u00e9s d&#8217;una inundaci\u00f3 3.- Llibres de registre amb l&#8217;enquadernaci\u00f3 totalment deteriorada per l&#8217;efecte de l&#8217;aigua 4.- Cartell d&#8217;una col\u00b7lecci\u00f3 particular cremat en un incendi.\" class=\"lazyload img-responsive wp-image-3931\" srcset=\"data:image\/svg+xml,%3Csvg%20xmlns%3D%27http%3A%2F%2Fwww.w3.org%2F2000%2Fsvg%27%20width%3D%27980%27%20height%3D%27546%27%20viewBox%3D%270%200%20980%20546%27%3E%3Crect%20width%3D%27980%27%20height%3D%27546%27%20fill-opacity%3D%220%22%2F%3E%3C%2Fsvg%3E\" data-srcset=\"https:\/\/bertablasi.com\/wp-content\/uploads\/2014\/05\/BBlasi_assessorament_inundacio_incendi_plaga-200x111.jpg?v=1688739123 200w, https:\/\/bertablasi.com\/wp-content\/uploads\/2014\/05\/BBlasi_assessorament_inundacio_incendi_plaga-300x167.jpg?v=1688739123 300w, https:\/\/bertablasi.com\/wp-content\/uploads\/2014\/05\/BBlasi_assessorament_inundacio_incendi_plaga-400x223.jpg?v=1688739123 400w, https:\/\/bertablasi.com\/wp-content\/uploads\/2014\/05\/BBlasi_assessorament_inundacio_incendi_plaga-600x334.jpg?v=1688739123 600w, https:\/\/bertablasi.com\/wp-content\/uploads\/2014\/05\/BBlasi_assessorament_inundacio_incendi_plaga-701x391.jpg?v=1688739123 701w, https:\/\/bertablasi.com\/wp-content\/uploads\/2014\/05\/BBlasi_assessorament_inundacio_incendi_plaga-768x428.jpg?v=1688739123 768w, https:\/\/bertablasi.com\/wp-content\/uploads\/2014\/05\/BBlasi_assessorament_inundacio_incendi_plaga-800x446.jpg?v=1688739123 800w, https:\/\/bertablasi.com\/wp-content\/uploads\/2014\/05\/BBlasi_assessorament_inundacio_incendi_plaga.jpg?v=1688739123 980w\" data-sizes=\"auto\" data-orig-sizes=\"(min-width: 2200px) 100vw, (min-width: 640px) 1200px, \" \/><\/a><\/div><\/div><div class=\"clearfix\"><\/div><\/div><\/div><\/div><\/div><\/div><\/div><div class=\"fusion-fullwidth fullwidth-box fusion-builder-row-6 fusion-flex-container nonhundred-percent-fullwidth non-hundred-percent-height-scrolling\" style=\"--awb-border-radius-top-left:0px;--awb-border-radius-top-right:0px;--awb-border-radius-bottom-right:0px;--awb-border-radius-bottom-left:0px;--awb-padding-top:35px;--awb-padding-bottom:35px;--awb-background-color:var(--awb-color2);--awb-flex-wrap:wrap;\" ><div class=\"fusion-builder-row fusion-row fusion-flex-align-items-flex-start fusion-flex-content-wrap\" style=\"max-width:1248px;margin-left: calc(-4% \/ 2 );margin-right: calc(-4% \/ 2 );\"><div class=\"fusion-layout-column fusion_builder_column fusion-builder-column-7 fusion_builder_column_1_1 1_1 fusion-flex-column\" style=\"--awb-bg-size:cover;--awb-width-large:100%;--awb-margin-top-large:0px;--awb-spacing-right-large:1.92%;--awb-margin-bottom-large:20px;--awb-spacing-left-large:1.92%;--awb-width-medium:100%;--awb-order-medium:0;--awb-spacing-right-medium:1.92%;--awb-spacing-left-medium:1.92%;--awb-width-small:100%;--awb-order-small:0;--awb-spacing-right-small:1.92%;--awb-spacing-left-small:1.92%;\"><div class=\"fusion-column-wrapper fusion-column-has-shadow fusion-flex-justify-content-flex-start fusion-content-layout-column\"><div class=\"fusion-text fusion-text-9 fusion-text-no-margin\" style=\"--awb-content-alignment:center;--awb-font-size:42px;--awb-text-color:var(--awb-color5);--awb-margin-bottom:0px;--awb-text-font-family:&quot;Open Sans&quot;;--awb-text-font-style:normal;--awb-text-font-weight:800;\"><p>Contacta con nosotros<\/p>\n<\/div><div class=\"fusion-text fusion-text-10\" style=\"--awb-content-alignment:center;\"><p>Si tienes cualquier duda o consulta, no dudes en preguntarnos y te atenderemos r\u00e1pidamente.<\/p>\n<\/div><div style=\"text-align:center;\"><a class=\"fusion-button button-flat fusion-button-default-size button-default fusion-button-default button-2 fusion-button-default-span fusion-button-default-type\" target=\"_self\" href=\"\/es\/contacte\/\"><span class=\"fusion-button-text awb-button__text awb-button__text--default\">Contactar<\/span><\/a><\/div><\/div><\/div><\/div><\/div><\/p>","protected":false},"excerpt":{"rendered":"","protected":false},"author":2,"featured_media":0,"parent":6323,"menu_order":0,"comment_status":"closed","ping_status":"closed","template":"100-width.php","meta":{"footnotes":""},"class_list":["post-6355","page","type-page","status-publish","hentry"],"aioseo_notices":[],"_links":{"self":[{"href":"https:\/\/bertablasi.com\/es\/wp-json\/wp\/v2\/pages\/6355","targetHints":{"allow":["GET"]}}],"collection":[{"href":"https:\/\/bertablasi.com\/es\/wp-json\/wp\/v2\/pages"}],"about":[{"href":"https:\/\/bertablasi.com\/es\/wp-json\/wp\/v2\/types\/page"}],"author":[{"embeddable":true,"href":"https:\/\/bertablasi.com\/es\/wp-json\/wp\/v2\/users\/2"}],"replies":[{"embeddable":true,"href":"https:\/\/bertablasi.com\/es\/wp-json\/wp\/v2\/comments?post=6355"}],"version-history":[{"count":17,"href":"https:\/\/bertablasi.com\/es\/wp-json\/wp\/v2\/pages\/6355\/revisions"}],"predecessor-version":[{"id":6802,"href":"https:\/\/bertablasi.com\/es\/wp-json\/wp\/v2\/pages\/6355\/revisions\/6802"}],"up":[{"embeddable":true,"href":"https:\/\/bertablasi.com\/es\/wp-json\/wp\/v2\/pages\/6323"}],"wp:attachment":[{"href":"https:\/\/bertablasi.com\/es\/wp-json\/wp\/v2\/media?parent=6355"}],"curies":[{"name":"wp","href":"https:\/\/api.w.org\/{rel}","templated":true}]}}