{"id":6350,"date":"2022-07-07T10:47:02","date_gmt":"2022-07-07T10:47:02","guid":{"rendered":"https:\/\/bertablasi.com\/?page_id=6350"},"modified":"2022-08-24T16:01:19","modified_gmt":"2022-08-24T16:01:19","slug":"conservacio-preventiva","status":"publish","type":"page","link":"https:\/\/bertablasi.com\/es\/serveis\/conservacio-preventiva\/","title":{"rendered":"Conservaci\u00f3n preventiva"},"content":{"rendered":"<p><div class=\"fusion-fullwidth fullwidth-box fusion-builder-row-4 fusion-flex-container fusion-parallax-fixed nonhundred-percent-fullwidth non-hundred-percent-height-scrolling lazyload\" style=\"--awb-border-radius-top-left:0px;--awb-border-radius-top-right:0px;--awb-border-radius-bottom-right:0px;--awb-border-radius-bottom-left:0px;--awb-padding-top:100px;--awb-padding-right:130px;--awb-padding-bottom:100px;--awb-padding-left:130px;--awb-padding-top-medium:90px;--awb-padding-left-medium:4%;--awb-padding-top-small:70px;--awb-padding-right-small:35px;--awb-padding-bottom-small:35px;--awb-padding-left-small:35px;--awb-margin-bottom:0px;--awb-margin-bottom-small:0px;--awb-background-size:cover;--awb-flex-wrap:wrap;background-attachment:fixed;\" data-bg=\"https:\/\/bertablasi.com\/wp-content\/uploads\/2015\/01\/DSC03699-scaled.jpg\" ><div class=\"fusion-builder-row fusion-row fusion-flex-align-items-center fusion-flex-content-wrap\" style=\"max-width:1248px;margin-left: calc(-4% \/ 2 );margin-right: calc(-4% \/ 2 );\"><div class=\"fusion-layout-column fusion_builder_column fusion-builder-column-5 fusion-flex-column fusion-column-inner-bg-wrapper\" style=\"--awb-padding-top:50px;--awb-padding-right:85px;--awb-padding-bottom:50px;--awb-padding-left:85px;--awb-padding-top-small:65px;--awb-padding-right-small:65px;--awb-padding-bottom-small:65px;--awb-padding-left-small:65px;--awb-inner-bg-color:var(--awb-color5);--awb-inner-bg-color-hover:var(--awb-color5);--awb-inner-bg-size:cover;--awb-width-large:60%;--awb-margin-top-large:0px;--awb-spacing-right-large:3.2%;--awb-margin-bottom-large:0px;--awb-spacing-left-large:3.2%;--awb-width-medium:85%;--awb-order-medium:0;--awb-spacing-right-medium:0px;--awb-margin-bottom-medium:60px;--awb-spacing-left-medium:2.2588235294118%;--awb-width-small:100%;--awb-order-small:0;--awb-spacing-right-small:1.92%;--awb-spacing-left-small:1.92%;\"><span class=\"fusion-column-inner-bg hover-type-none\"><a class=\"fusion-column-anchor\" href=\"https:\/\/bertablasi.com\/cozy-beach-house\/\"><span class=\"fusion-column-inner-bg-image\"><\/span><\/a><\/span><div class=\"fusion-column-wrapper fusion-column-has-shadow fusion-flex-justify-content-flex-start fusion-content-layout-column\"><div class=\"fusion-title title fusion-title-2 fusion-sep-none fusion-title-text fusion-title-size-one\" style=\"--awb-text-color:var(--awb-color1);--awb-margin-top:0px;--awb-margin-bottom:0px;--awb-font-size:58px;\"><h1 class=\"fusion-title-heading title-heading-left fusion-responsive-typography-calculated\" style=\"margin:0;font-size:1em;--fontSize:58;line-height:1.22;\">Conservaci\u00f3n preventiva<\/h1><\/div><div class=\"fusion-separator\" style=\"align-self: flex-start;margin-right:auto;margin-top:40px;margin-bottom:40px;width:100%;max-width:75px;\"><div class=\"fusion-separator-border sep-single sep-solid\" style=\"--awb-height:20px;--awb-amount:20px;--awb-sep-color:#ffffff;border-color:#ffffff;border-top-width:2px;\"><\/div><\/div><div class=\"fusion-text fusion-text-10\" style=\"--awb-text-color:var(--awb-color1);\"><p><strong>Des del taller llevamosa cabo proyectos de conservaci\u00f3n preventiva<\/strong>, tanto a nivel individual de cada pieza como a nivel colectivo de fondos y colecciones.<\/p>\n<\/div><\/div><\/div><\/div><\/div><div class=\"fusion-fullwidth fullwidth-box fusion-builder-row-5 fusion-flex-container nonhundred-percent-fullwidth non-hundred-percent-height-scrolling\" style=\"--awb-border-radius-top-left:0px;--awb-border-radius-top-right:0px;--awb-border-radius-bottom-right:0px;--awb-border-radius-bottom-left:0px;--awb-padding-top:90px;--awb-padding-right:150px;--awb-padding-bottom:110px;--awb-padding-left:150px;--awb-padding-top-medium:80px;--awb-padding-right-medium:60px;--awb-padding-bottom-medium:80px;--awb-padding-left-medium:60px;--awb-padding-right-small:35px;--awb-padding-left-small:35px;--awb-background-color:var(--awb-color1);--awb-flex-wrap:wrap;\" ><div class=\"fusion-builder-row fusion-row fusion-flex-align-items-stretch fusion-flex-content-wrap\" style=\"max-width:calc( 1200px + 60px );margin-left: calc(-60px \/ 2 );margin-right: calc(-60px \/ 2 );\"><div class=\"fusion-layout-column fusion_builder_column fusion-builder-column-6 fusion_builder_column_1_3 1_3 fusion-flex-column fusion-animated\" style=\"--awb-bg-size:cover;--awb-width-large:33.333333333333%;--awb-margin-top-large:0px;--awb-spacing-right-large:30px;--awb-margin-bottom-large:135px;--awb-spacing-left-large:30px;--awb-width-medium:100%;--awb-order-medium:0;--awb-spacing-right-medium:30px;--awb-margin-bottom-medium:80px;--awb-spacing-left-medium:30px;--awb-width-small:100%;--awb-order-small:0;--awb-spacing-right-small:30px;--awb-margin-bottom-small:55px;--awb-spacing-left-small:30px;\" data-animationType=\"fadeInUp\" data-animationDuration=\"1.0\" data-animationOffset=\"top-into-view\"><div class=\"fusion-column-wrapper fusion-column-has-shadow fusion-flex-justify-content-flex-start fusion-content-layout-column\"><div class=\"fusion-text fusion-text-11 fusion-text-no-margin\" style=\"--awb-font-size:36px;--awb-text-color:var(--awb-color5);--awb-margin-bottom:0px;--awb-text-font-family:&quot;Open Sans&quot;;--awb-text-font-style:normal;--awb-text-font-weight:800;\"><p>\u00bfQu\u00e9 hacemos?<\/p>\n<\/div><div class=\"fusion-text fusion-text-12\" style=\"--awb-content-alignment:left;\"><p><strong>La conservaci\u00f3n preventiva<\/strong> es el campo que estudia como conservar las obras indirectamente controlando los factores que intervienen en la deterioraci\u00f3n de las piezas como ahora la humidad relativa, la temperatura, la contaminaci\u00f3n, la luz, las plagas, el almacenamiento, etc.\u00a0<b>Es clave<\/b> a la hora de garantir la preservaci\u00f3n de las obras y toda una inversi\u00f3n de futuro en comparaci\u00f3n a los costes que podr\u00eda comportar si no la tenemos en cuenta. Una buena estrategia conservaci\u00f3n preventiva <strong>puede evitar grandes desastres irrecuperables<\/strong> y ahorrar muchas restauraciones directas sobre la pieza. Un <b>buen nivel de higiene a los dep\u00f3sitos,<\/b> tanto de los propios documentos como de su entorno, ser\u00e1 la <strong>garant\u00eda<\/strong> de tener una colecci\u00f3n m\u00e1s sana y con menos riesgos de infecci\u00f3n.<\/p>\n<\/div><\/div><\/div><div class=\"fusion-layout-column fusion_builder_column fusion-builder-column-7 fusion_builder_column_2_3 2_3 fusion-flex-column\" style=\"--awb-bg-size:cover;--awb-width-large:66.666666666667%;--awb-margin-top-large:0px;--awb-spacing-right-large:30px;--awb-margin-bottom-large:20px;--awb-spacing-left-large:30px;--awb-width-medium:66.666666666667%;--awb-order-medium:0;--awb-spacing-right-medium:30px;--awb-spacing-left-medium:30px;--awb-width-small:100%;--awb-order-small:0;--awb-spacing-right-small:30px;--awb-spacing-left-small:30px;\"><div class=\"fusion-column-wrapper fusion-column-has-shadow fusion-flex-justify-content-flex-start fusion-content-layout-column\"><div class=\"fusion-builder-row fusion-builder-row-inner fusion-row fusion-flex-align-items-stretch fusion-flex-content-wrap\" style=\"width:calc( 100% + 60px ) !important;max-width:calc( 100% + 60px ) !important;margin-left: calc(-60px \/ 2 );margin-right: calc(-60px \/ 2 );\"><div class=\"fusion-layout-column fusion_builder_column_inner fusion-builder-nested-column-2 fusion_builder_column_inner_1_1 1_1 fusion-flex-column\" style=\"--awb-bg-size:cover;--awb-width-large:100%;--awb-margin-top-large:0px;--awb-spacing-right-large:30px;--awb-margin-bottom-large:0px;--awb-spacing-left-large:30px;--awb-width-medium:100%;--awb-order-medium:0;--awb-spacing-right-medium:30px;--awb-spacing-left-medium:30px;--awb-width-small:100%;--awb-order-small:0;--awb-spacing-right-small:30px;--awb-spacing-left-small:30px;\"><div class=\"fusion-column-wrapper fusion-column-has-shadow fusion-flex-justify-content-flex-start fusion-content-layout-column\"><div class=\"fusion-text fusion-text-13 fusion-text-no-margin\" style=\"--awb-font-size:36px;--awb-text-color:var(--awb-color5);--awb-margin-bottom:0px;--awb-text-font-family:&quot;Open Sans&quot;;--awb-text-font-style:normal;--awb-text-font-weight:800;\"><p>\u00bfC\u00f3mo lo hacemos?<\/p>\n<\/div><\/div><\/div><div class=\"fusion-layout-column fusion_builder_column_inner fusion-builder-nested-column-3 fusion_builder_column_inner_1_1 1_1 fusion-flex-column\" style=\"--awb-padding-top:3%;--awb-padding-right:5%;--awb-padding-left:5%;--awb-bg-color:#f7f7f7;--awb-bg-color-hover:#f7f7f7;--awb-bg-size:cover;--awb-border-color:var(--awb-color5);--awb-border-left:3px;--awb-border-style:solid;--awb-width-large:100%;--awb-margin-top-large:0px;--awb-spacing-right-large:30px;--awb-margin-bottom-large:30px;--awb-spacing-left-large:30px;--awb-width-medium:100%;--awb-order-medium:0;--awb-spacing-right-medium:30px;--awb-spacing-left-medium:30px;--awb-width-small:100%;--awb-order-small:0;--awb-spacing-right-small:30px;--awb-spacing-left-small:30px;\"><div class=\"fusion-column-wrapper fusion-column-has-shadow fusion-flex-justify-content-flex-start fusion-content-layout-column\"><div class=\"fusion-text fusion-text-14\"><p><strong>Cada soporte documental requiere sus propias condiciones<\/strong> de humedad, temperatura, luz, etc., y hay piezas m\u00e1s sensibles que otras a determinados factores.<\/p>\n<\/div><div class=\"fusion-text fusion-text-15\"><ul>\n<li><strong>Condiciones ambientales en el almacenamiento<\/strong>:\u00a0an\u00e1lisis de las condiciones de los dep\u00f3sitos y pautas de conservaci\u00f3n preventiva para colecciones en archivos, bibliotecas y museos.<\/li>\n<li><strong>Higiene de fondos y dep\u00f3sitos<\/strong>:\u00a0limpieza de fondos adquiridos y\u00a0desinfecci\u00f3n de fondos infectados con microorganismos.<\/li>\n<li><strong>Manipulaci\u00f3n y transporte de las obras<\/strong>: para exposiciones temporales.<\/li>\n<li><strong>Sistemas de protecci\u00f3n<\/strong> (carpetas, cajas, fundas, camisas, etc.): a la hora de almacenar las piezas las hay que requieren cajas hechas a medida y con material de conservaci\u00f3n. Desde el taller suministramos este tipo de material as\u00ed como material m\u00e1s est\u00e1ndar como cajas fundas para los documentos.<\/li>\n<li><strong>Sistemas de presentaci\u00f3n para exposiciones<\/strong>: cuando una o m\u00e1s piezas se ceden para una exposici\u00f3n requerir\u00e1 un sistema de protecci\u00f3n especial que no ser\u00e1 el habitualmente en el dep\u00f3sito. Desde el taller ofrecemos la posibilidad de realizar sistemas de presentaci\u00f3n para exposiciones a medida y con material de conservaci\u00f3n.<\/li>\n<\/ul>\n<\/div><\/div><\/div><\/div><\/div><\/div><div class=\"fusion-layout-column fusion_builder_column fusion-builder-column-8 fusion_builder_column_1_1 1_1 fusion-flex-column\" style=\"--awb-bg-size:cover;--awb-width-large:100%;--awb-margin-top-large:20px;--awb-spacing-right-large:30px;--awb-margin-bottom-large:0px;--awb-spacing-left-large:30px;--awb-width-medium:100%;--awb-order-medium:0;--awb-spacing-right-medium:30px;--awb-margin-bottom-medium:60px;--awb-spacing-left-medium:30px;--awb-width-small:100%;--awb-order-small:0;--awb-spacing-right-small:30px;--awb-margin-bottom-small:35px;--awb-spacing-left-small:30px;\"><div class=\"fusion-column-wrapper fusion-column-has-shadow fusion-flex-justify-content-flex-start fusion-content-layout-column\"><div class=\"fusion-text fusion-text-16\" style=\"--awb-font-size:36px;--awb-text-color:var(--awb-color5);--awb-text-font-family:&quot;Open Sans&quot;;--awb-text-font-style:normal;--awb-text-font-weight:800;\"><p>Galer\u00eda fotogr\u00e1fica<\/p>\n<\/div><div class=\"awb-gallery-wrapper awb-gallery-wrapper-2 button-span-no\"><div style=\"margin:-30px;--awb-bordersize:0px;\" class=\"fusion-gallery fusion-gallery-container fusion-grid-3 fusion-columns-total-5 fusion-gallery-layout-grid fusion-gallery-2\"><div style=\"padding:30px;\" class=\"fusion-grid-column fusion-gallery-column fusion-gallery-column-3 hover-type-none\"><div class=\"fusion-gallery-image\"><a href=\"https:\/\/bertablasi.com\/wp-content\/uploads\/2022\/07\/BBlasi_AHPHUESCA-05.jpg?v=1688738557\" rel=\"noreferrer\" data-rel=\"iLightbox[gallery_image_2]\" class=\"fusion-lightbox\" target=\"_self\"><img decoding=\"async\" src=\"https:\/\/bertablasi.com\/wp-content\/uploads\/2022\/07\/BBlasi_AHPHUESCA-05-460x295.jpg?v=1688738557\" width=\"460\" height=\"295\" alt=\"\" title=\"BBlasi_AHPHUESCA-05\" aria-label=\"BBlasi_AHPHUESCA-05\" class=\"img-responsive wp-image-6393 fusion-gallery-image-size-fixed\" srcset=\"https:\/\/bertablasi.com\/wp-content\/uploads\/2022\/07\/BBlasi_AHPHUESCA-05-460x295.jpg?v=1688738557 460w, https:\/\/bertablasi.com\/wp-content\/uploads\/2022\/07\/BBlasi_AHPHUESCA-05.jpg?v=1688738557 827w\" sizes=\"(min-width: 2200px) 100vw, (min-width: 784px) 380px, (min-width: 712px) 570px, (min-width: 640px) 712px, \" \/><\/a><\/div><\/div><div class=\"clearfix\"><\/div><div style=\"padding:30px;\" class=\"fusion-grid-column fusion-gallery-column fusion-gallery-column-3 hover-type-none\"><div class=\"fusion-gallery-image\"><a href=\"https:\/\/bertablasi.com\/wp-content\/uploads\/2022\/07\/BBlasi_Ismael_Smith_restauracio.jpg?v=1688738556\" rel=\"noreferrer\" data-rel=\"iLightbox[gallery_image_2]\" class=\"fusion-lightbox\" target=\"_self\"><img decoding=\"async\" src=\"https:\/\/bertablasi.com\/wp-content\/uploads\/2022\/07\/BBlasi_Ismael_Smith_restauracio-336x295.jpg?v=1688738556\" width=\"336\" height=\"295\" alt=\"\" title=\"BBlasi_Ismael_Smith_restauracio\" aria-label=\"BBlasi_Ismael_Smith_restauracio\" class=\"img-responsive wp-image-6394 fusion-gallery-image-size-fixed\"  \/><\/a><\/div><\/div><div style=\"padding:30px;\" class=\"fusion-grid-column fusion-gallery-column fusion-gallery-column-3 hover-type-none\"><div class=\"fusion-gallery-image\"><a href=\"https:\/\/bertablasi.com\/wp-content\/uploads\/2022\/07\/cosit_consell_guerra_jordi_pujol_3.jpg?v=1688738555\" rel=\"noreferrer\" data-rel=\"iLightbox[gallery_image_2]\" class=\"fusion-lightbox\" target=\"_self\"><img decoding=\"async\" src=\"https:\/\/bertablasi.com\/wp-content\/uploads\/2022\/07\/cosit_consell_guerra_jordi_pujol_3-255x295.jpg?v=1688738555\" width=\"255\" height=\"295\" alt=\"\" title=\"cosit_consell_guerra_jordi_pujol_3\" aria-label=\"cosit_consell_guerra_jordi_pujol_3\" class=\"img-responsive wp-image-6395 fusion-gallery-image-size-fixed\"  \/><\/a><\/div><\/div><div style=\"padding:30px;\" class=\"fusion-grid-column fusion-gallery-column fusion-gallery-column-3 hover-type-none\"><div class=\"fusion-gallery-image\"><a href=\"https:\/\/bertablasi.com\/wp-content\/uploads\/2022\/07\/restauracio_arxiu_aspirador.jpg?v=1688738554\" rel=\"noreferrer\" data-rel=\"iLightbox[gallery_image_2]\" class=\"fusion-lightbox\" target=\"_self\"><img decoding=\"async\" src=\"https:\/\/bertablasi.com\/wp-content\/uploads\/2022\/07\/restauracio_arxiu_aspirador.jpg?v=1688738554\" width=\"255\" height=\"192\" alt=\"\" title=\"restauracio_arxiu_aspirador\" aria-label=\"restauracio_arxiu_aspirador\" class=\"img-responsive wp-image-6396 fusion-gallery-image-size-fixed\" srcset=\"https:\/\/bertablasi.com\/wp-content\/uploads\/2022\/07\/restauracio_arxiu_aspirador-200x151.jpg?v=1688738554 200w, https:\/\/bertablasi.com\/wp-content\/uploads\/2022\/07\/restauracio_arxiu_aspirador.jpg?v=1688738554 255w\" sizes=\"(min-width: 2200px) 100vw, (min-width: 784px) 380px, (min-width: 712px) 570px, (min-width: 640px) 712px, \" \/><\/a><\/div><\/div><div class=\"clearfix\"><\/div><div style=\"padding:30px;\" class=\"fusion-grid-column fusion-gallery-column fusion-gallery-column-3 hover-type-none\"><div class=\"fusion-gallery-image\"><a href=\"https:\/\/bertablasi.com\/wp-content\/uploads\/2022\/07\/restauracio_expedient_camisa_diari.jpg?v=1688738553\" rel=\"noreferrer\" data-rel=\"iLightbox[gallery_image_2]\" class=\"fusion-lightbox\" target=\"_self\"><img decoding=\"async\" src=\"https:\/\/bertablasi.com\/wp-content\/uploads\/2022\/07\/restauracio_expedient_camisa_diari-460x242.jpg?v=1688738553\" width=\"460\" height=\"242\" alt=\"\" title=\"restauracio_expedient_camisa_diari\" aria-label=\"restauracio_expedient_camisa_diari\" class=\"img-responsive wp-image-6397 fusion-gallery-image-size-fixed\" srcset=\"https:\/\/bertablasi.com\/wp-content\/uploads\/2022\/07\/restauracio_expedient_camisa_diari-460x242.jpg?v=1688738553 460w, https:\/\/bertablasi.com\/wp-content\/uploads\/2022\/07\/restauracio_expedient_camisa_diari.jpg?v=1688738553 510w\" sizes=\"(min-width: 2200px) 100vw, (min-width: 784px) 380px, (min-width: 712px) 570px, (min-width: 640px) 712px, \" \/><\/a><\/div><\/div><\/div><\/div><\/div><\/div><\/div><\/div><div class=\"fusion-fullwidth fullwidth-box fusion-builder-row-6 fusion-flex-container nonhundred-percent-fullwidth non-hundred-percent-height-scrolling\" style=\"--awb-border-radius-top-left:0px;--awb-border-radius-top-right:0px;--awb-border-radius-bottom-right:0px;--awb-border-radius-bottom-left:0px;--awb-padding-top:35px;--awb-padding-bottom:35px;--awb-background-color:var(--awb-color2);--awb-flex-wrap:wrap;\" ><div class=\"fusion-builder-row fusion-row fusion-flex-align-items-flex-start fusion-flex-content-wrap\" style=\"max-width:1248px;margin-left: calc(-4% \/ 2 );margin-right: calc(-4% \/ 2 );\"><div class=\"fusion-layout-column fusion_builder_column fusion-builder-column-9 fusion_builder_column_1_1 1_1 fusion-flex-column\" style=\"--awb-bg-size:cover;--awb-width-large:100%;--awb-margin-top-large:0px;--awb-spacing-right-large:1.92%;--awb-margin-bottom-large:20px;--awb-spacing-left-large:1.92%;--awb-width-medium:100%;--awb-order-medium:0;--awb-spacing-right-medium:1.92%;--awb-spacing-left-medium:1.92%;--awb-width-small:100%;--awb-order-small:0;--awb-spacing-right-small:1.92%;--awb-spacing-left-small:1.92%;\"><div class=\"fusion-column-wrapper fusion-column-has-shadow fusion-flex-justify-content-flex-start fusion-content-layout-column\"><div class=\"fusion-text fusion-text-17 fusion-text-no-margin\" style=\"--awb-content-alignment:center;--awb-font-size:42px;--awb-text-color:var(--awb-color5);--awb-margin-bottom:0px;--awb-text-font-family:&quot;Open Sans&quot;;--awb-text-font-style:normal;--awb-text-font-weight:800;\"><p>Contacta con nosotros<\/p>\n<\/div><div class=\"fusion-text fusion-text-18\" style=\"--awb-content-alignment:center;\"><p>Si tienes cualquier duda o consulta, no dudes en preguntarnos y te atenderemos r\u00e1pidamente.<\/p>\n<\/div><div style=\"text-align:center;\"><a class=\"fusion-button button-flat fusion-button-default-size button-default fusion-button-default button-2 fusion-button-default-span fusion-button-default-type\" target=\"_self\" href=\"\/es\/contacte\/\"><span class=\"fusion-button-text awb-button__text awb-button__text--default\">Contactar<\/span><\/a><\/div><\/div><\/div><\/div><\/div><\/p>","protected":false},"excerpt":{"rendered":"","protected":false},"author":2,"featured_media":0,"parent":6323,"menu_order":0,"comment_status":"closed","ping_status":"closed","template":"100-width.php","meta":{"footnotes":""},"class_list":["post-6350","page","type-page","status-publish","hentry"],"aioseo_notices":[],"_links":{"self":[{"href":"https:\/\/bertablasi.com\/es\/wp-json\/wp\/v2\/pages\/6350","targetHints":{"allow":["GET"]}}],"collection":[{"href":"https:\/\/bertablasi.com\/es\/wp-json\/wp\/v2\/pages"}],"about":[{"href":"https:\/\/bertablasi.com\/es\/wp-json\/wp\/v2\/types\/page"}],"author":[{"embeddable":true,"href":"https:\/\/bertablasi.com\/es\/wp-json\/wp\/v2\/users\/2"}],"replies":[{"embeddable":true,"href":"https:\/\/bertablasi.com\/es\/wp-json\/wp\/v2\/comments?post=6350"}],"version-history":[{"count":23,"href":"https:\/\/bertablasi.com\/es\/wp-json\/wp\/v2\/pages\/6350\/revisions"}],"predecessor-version":[{"id":6707,"href":"https:\/\/bertablasi.com\/es\/wp-json\/wp\/v2\/pages\/6350\/revisions\/6707"}],"up":[{"embeddable":true,"href":"https:\/\/bertablasi.com\/es\/wp-json\/wp\/v2\/pages\/6323"}],"wp:attachment":[{"href":"https:\/\/bertablasi.com\/es\/wp-json\/wp\/v2\/media?parent=6350"}],"curies":[{"name":"wp","href":"https:\/\/api.w.org\/{rel}","templated":true}]}}