{"id":6326,"date":"2022-07-06T14:59:11","date_gmt":"2022-07-06T14:59:11","guid":{"rendered":"https:\/\/bertablasi.com\/?page_id=6326"},"modified":"2022-08-30T13:58:16","modified_gmt":"2022-08-30T13:58:16","slug":"conservacio-i-restauracio","status":"publish","type":"page","link":"https:\/\/bertablasi.com\/es\/serveis\/conservacio-i-restauracio\/","title":{"rendered":"Conservaci\u00f3n y restauraci\u00f3n"},"content":{"rendered":"<p><div class=\"fusion-bg-parallax\" data-bg-align=\"center center\" data-direction=\"up\" data-mute=\"false\" data-opacity=\"100\" data-velocity=\"-0.3\" data-mobile-enabled=\"false\" data-break_parents=\"0\" data-bg-image=\"https:\/\/bertablasi.com\/wp-content\/uploads\/2014\/05\/BBlasi_conservacio_restauracio_dissolvents.jpg\" data-bg-repeat=\"false\" ><\/div><div class=\"fusion-fullwidth fullwidth-box fusion-builder-row-4 fusion-flex-container fusion-parallax-up nonhundred-percent-fullwidth non-hundred-percent-height-scrolling lazyload\" style=\"--awb-border-radius-top-left:0px;--awb-border-radius-top-right:0px;--awb-border-radius-bottom-right:0px;--awb-border-radius-bottom-left:0px;--awb-padding-top:100px;--awb-padding-right:130px;--awb-padding-bottom:100px;--awb-padding-left:130px;--awb-padding-top-medium:90px;--awb-padding-left-medium:4%;--awb-padding-top-small:70px;--awb-padding-right-small:35px;--awb-padding-bottom-small:35px;--awb-padding-left-small:35px;--awb-margin-bottom:0px;--awb-margin-bottom-small:0px;--awb-background-size:cover;--awb-flex-wrap:wrap;\" data-bg=\"https:\/\/bertablasi.com\/wp-content\/uploads\/2014\/05\/BBlasi_conservacio_restauracio_dissolvents.jpg\" ><div class=\"fusion-builder-row fusion-row fusion-flex-align-items-center fusion-flex-content-wrap\" style=\"max-width:1248px;margin-left: calc(-4% \/ 2 );margin-right: calc(-4% \/ 2 );\"><div class=\"fusion-layout-column fusion_builder_column fusion-builder-column-6 fusion-flex-column fusion-column-inner-bg-wrapper\" style=\"--awb-padding-top:50px;--awb-padding-right:85px;--awb-padding-bottom:50px;--awb-padding-left:85px;--awb-padding-top-small:65px;--awb-padding-right-small:65px;--awb-padding-bottom-small:65px;--awb-padding-left-small:65px;--awb-inner-bg-color:var(--awb-color5);--awb-inner-bg-color-hover:var(--awb-color5);--awb-inner-bg-size:cover;--awb-width-large:62%;--awb-margin-top-large:0px;--awb-spacing-right-large:3.0967741935484%;--awb-margin-bottom-large:0px;--awb-spacing-left-large:3.0967741935484%;--awb-width-medium:85%;--awb-order-medium:0;--awb-spacing-right-medium:0px;--awb-margin-bottom-medium:60px;--awb-spacing-left-medium:2.2588235294118%;--awb-width-small:100%;--awb-order-small:0;--awb-spacing-right-small:1.92%;--awb-spacing-left-small:1.92%;\"><span class=\"fusion-column-inner-bg hover-type-none\"><a class=\"fusion-column-anchor\" href=\"https:\/\/bertablasi.com\/cozy-beach-house\/\"><span class=\"fusion-column-inner-bg-image\"><\/span><\/a><\/span><div class=\"fusion-column-wrapper fusion-column-has-shadow fusion-flex-justify-content-flex-start fusion-content-layout-column\"><div class=\"fusion-title title fusion-title-2 fusion-sep-none fusion-title-text fusion-title-size-one\" style=\"--awb-text-color:var(--awb-color1);--awb-margin-top:0px;--awb-margin-bottom:0px;--awb-font-size:58px;\"><h1 class=\"fusion-title-heading title-heading-left fusion-responsive-typography-calculated\" style=\"margin:0;font-size:1em;--fontSize:58;line-height:1.22;\">Conservaci\u00f3n y restauraci\u00f3n<\/h1><\/div><div class=\"fusion-separator\" style=\"align-self: flex-start;margin-right:auto;margin-top:40px;margin-bottom:40px;width:100%;max-width:75px;\"><div class=\"fusion-separator-border sep-single sep-solid\" style=\"--awb-height:20px;--awb-amount:20px;--awb-sep-color:#ffffff;border-color:#ffffff;border-top-width:2px;\"><\/div><\/div><div class=\"fusion-text fusion-text-14\" style=\"--awb-text-color:var(--awb-color1);\"><p><strong>Restauramos obras realizadas sobre papel, pergamino y piel, <\/strong>sea cual sea la t\u00e9cnica art\u00edstica que se haya utilizado: carboncillo, tinta manuscrita, acuarela, guache, impresi\u00f3n, fotograf\u00eda, etc.<\/p>\n<\/div><\/div><\/div><\/div><\/div><div class=\"fusion-fullwidth fullwidth-box fusion-builder-row-5 fusion-flex-container nonhundred-percent-fullwidth non-hundred-percent-height-scrolling\" style=\"--awb-border-radius-top-left:0px;--awb-border-radius-top-right:0px;--awb-border-radius-bottom-right:0px;--awb-border-radius-bottom-left:0px;--awb-padding-top:90px;--awb-padding-right:150px;--awb-padding-bottom:110px;--awb-padding-left:150px;--awb-padding-top-medium:80px;--awb-padding-right-medium:60px;--awb-padding-bottom-medium:80px;--awb-padding-left-medium:60px;--awb-padding-right-small:35px;--awb-padding-left-small:35px;--awb-background-color:var(--awb-color1);--awb-flex-wrap:wrap;\" ><div class=\"fusion-builder-row fusion-row fusion-flex-align-items-stretch fusion-flex-content-wrap\" style=\"max-width:calc( 1200px + 60px );margin-left: calc(-60px \/ 2 );margin-right: calc(-60px \/ 2 );\"><div class=\"fusion-layout-column fusion_builder_column fusion-builder-column-7 fusion_builder_column_1_3 1_3 fusion-flex-column fusion-animated\" style=\"--awb-bg-size:cover;--awb-width-large:33.333333333333%;--awb-margin-top-large:0px;--awb-spacing-right-large:30px;--awb-margin-bottom-large:135px;--awb-spacing-left-large:30px;--awb-width-medium:100%;--awb-order-medium:0;--awb-spacing-right-medium:30px;--awb-margin-bottom-medium:80px;--awb-spacing-left-medium:30px;--awb-width-small:100%;--awb-order-small:0;--awb-spacing-right-small:30px;--awb-margin-bottom-small:55px;--awb-spacing-left-small:30px;\" data-animationType=\"fadeInUp\" data-animationDuration=\"1.0\" data-animationOffset=\"top-into-view\"><div class=\"fusion-column-wrapper fusion-column-has-shadow fusion-flex-justify-content-flex-start fusion-content-layout-column\"><div class=\"fusion-text fusion-text-15 fusion-text-no-margin\" style=\"--awb-font-size:36px;--awb-text-color:var(--awb-color5);--awb-margin-bottom:0px;--awb-text-font-family:&quot;Open Sans&quot;;--awb-text-font-style:normal;--awb-text-font-weight:800;\"><p>\u00bfQu\u00e9 hacemos?<\/p>\n<\/div><div class=\"fusion-text fusion-text-16\" style=\"--awb-content-alignment:left;\"><p>La conservaci\u00f3n y restauraci\u00f3n se llevan a cabo cuando la conservaci\u00f3n preventiva no ha sido efectiva o ha sido inexistente. Implica una intervenci\u00f3n directa sobre la pieza y requiere unos criterios m\u00ednimos que son b\u00e1sicos y que deben plantearse antes de tocar la pieza. El patrimonio documental y la obra gr\u00e1fica engloban un amplio abanico de objetos realizados con m\u00faltiples t\u00e9cnicas que a menudo combinan distintos materiales, como la encuadernaci\u00f3n que puede incluir papel, piel, pergamino y tela en un solo objeto.<\/p>\n<\/div><\/div><\/div><div class=\"fusion-layout-column fusion_builder_column fusion-builder-column-8 fusion_builder_column_2_3 2_3 fusion-flex-column\" style=\"--awb-bg-size:cover;--awb-width-large:66.666666666667%;--awb-margin-top-large:0px;--awb-spacing-right-large:30px;--awb-margin-bottom-large:20px;--awb-spacing-left-large:30px;--awb-width-medium:66.666666666667%;--awb-order-medium:0;--awb-spacing-right-medium:30px;--awb-spacing-left-medium:30px;--awb-width-small:100%;--awb-order-small:0;--awb-spacing-right-small:30px;--awb-spacing-left-small:30px;\"><div class=\"fusion-column-wrapper fusion-column-has-shadow fusion-flex-justify-content-flex-start fusion-content-layout-column\"><div class=\"fusion-builder-row fusion-builder-row-inner fusion-row fusion-flex-align-items-stretch fusion-flex-content-wrap\" style=\"width:calc( 100% + 60px ) !important;max-width:calc( 100% + 60px ) !important;margin-left: calc(-60px \/ 2 );margin-right: calc(-60px \/ 2 );\"><div class=\"fusion-layout-column fusion_builder_column_inner fusion-builder-nested-column-5 fusion_builder_column_inner_1_1 1_1 fusion-flex-column\" style=\"--awb-bg-size:cover;--awb-width-large:100%;--awb-margin-top-large:0px;--awb-spacing-right-large:30px;--awb-margin-bottom-large:0px;--awb-spacing-left-large:30px;--awb-width-medium:100%;--awb-order-medium:0;--awb-spacing-right-medium:30px;--awb-spacing-left-medium:30px;--awb-width-small:100%;--awb-order-small:0;--awb-spacing-right-small:30px;--awb-spacing-left-small:30px;\"><div class=\"fusion-column-wrapper fusion-column-has-shadow fusion-flex-justify-content-flex-start fusion-content-layout-column\"><div class=\"fusion-text fusion-text-17 fusion-text-no-margin\" style=\"--awb-font-size:36px;--awb-text-color:var(--awb-color5);--awb-margin-bottom:0px;--awb-text-font-family:&quot;Open Sans&quot;;--awb-text-font-style:normal;--awb-text-font-weight:800;\"><p>\u00bfC\u00f3mo lo hacemos?<\/p>\n<\/div><\/div><\/div><div class=\"fusion-layout-column fusion_builder_column_inner fusion-builder-nested-column-6 fusion_builder_column_inner_1_2 1_2 fusion-flex-column\" style=\"--awb-padding-top:5%;--awb-padding-right:5%;--awb-padding-left:5%;--awb-bg-color:#f7f7f7;--awb-bg-color-hover:#f7f7f7;--awb-bg-size:cover;--awb-border-color:var(--awb-color5);--awb-border-left:3px;--awb-border-style:solid;--awb-width-large:50%;--awb-margin-top-large:0px;--awb-spacing-right-large:calc( 0.04 * calc( 100% - 60px ) );--awb-margin-bottom-large:30px;--awb-spacing-left-large:30px;--awb-width-medium:50%;--awb-order-medium:0;--awb-spacing-right-medium:calc( 0.04 * calc( 100% - 60px ) );--awb-spacing-left-medium:30px;--awb-width-small:100%;--awb-order-small:0;--awb-spacing-right-small:30px;--awb-spacing-left-small:30px;\"><div class=\"fusion-column-wrapper fusion-column-has-shadow fusion-flex-justify-content-flex-start fusion-content-layout-column\"><div class=\"fusion-text fusion-text-18\"><p>En el taller s\u00f3lo utilizamos materiales que han sido qu\u00edmica y f\u00edsicamente probados. Han demostrado <strong>la estabilidad qu\u00edmica y f\u00edsica<\/strong> a lo largo del tiempo y tienen un comportamiento controlado delante del envejecimiento. As\u00ed podemos asegurar que ninguno de los materiales que utilizamos perjudica a la pieza restaurada.<\/p>\n<\/div><\/div><\/div><div class=\"fusion-layout-column fusion_builder_column_inner fusion-builder-nested-column-7 fusion_builder_column_inner_1_2 1_2 fusion-flex-column\" style=\"--awb-padding-top:5%;--awb-padding-right:5%;--awb-padding-bottom:10px;--awb-padding-left:5%;--awb-bg-color:#f7f7f7;--awb-bg-color-hover:#f7f7f7;--awb-bg-size:cover;--awb-border-color:var(--awb-color5);--awb-border-left:3px;--awb-border-style:solid;--awb-width-large:50%;--awb-margin-top-large:0px;--awb-spacing-right-large:30px;--awb-margin-bottom-large:30px;--awb-spacing-left-large:calc( 0.04 * calc( 100% - 60px ) );--awb-width-medium:50%;--awb-order-medium:0;--awb-spacing-right-medium:30px;--awb-spacing-left-medium:calc( 0.04 * calc( 100% - 60px ) );--awb-width-small:100%;--awb-order-small:0;--awb-spacing-right-small:30px;--awb-spacing-left-small:30px;\"><div class=\"fusion-column-wrapper fusion-column-has-shadow fusion-flex-justify-content-flex-start fusion-content-layout-column\"><div class=\"fusion-text fusion-text-19\"><p>La <strong>reversibilidad de los materiales<\/strong> es un punto muy importante a tener en cuenta cuando se inicia una restauraci\u00f3n. Teniendo en cuenta que la mayor\u00eda de piezas nos sobrevivir\u00e1n (o deber\u00edan sobrevivirnos), debemos pensar que en un futuro, m\u00e1s o menos lejano, las restauraciones que hemos realizado podr\u00edan necesitar ser reversibilizadas, es decir, eliminadas o modificadas.<\/p>\n<\/div><\/div><\/div><div class=\"fusion-layout-column fusion_builder_column_inner fusion-builder-nested-column-8 fusion_builder_column_inner_1_2 1_2 fusion-flex-column\" style=\"--awb-padding-top:5%;--awb-padding-right:5%;--awb-padding-bottom:10px;--awb-padding-left:5%;--awb-bg-color:#f7f7f7;--awb-bg-color-hover:#f7f7f7;--awb-bg-size:cover;--awb-border-color:var(--awb-color5);--awb-border-left:3px;--awb-border-style:solid;--awb-width-large:50%;--awb-margin-top-large:0px;--awb-spacing-right-large:calc( 0.04 * calc( 100% - 60px ) );--awb-margin-bottom-large:30px;--awb-spacing-left-large:30px;--awb-width-medium:50%;--awb-order-medium:0;--awb-spacing-right-medium:calc( 0.04 * calc( 100% - 60px ) );--awb-spacing-left-medium:30px;--awb-width-small:100%;--awb-order-small:0;--awb-spacing-right-small:30px;--awb-spacing-left-small:30px;\"><div class=\"fusion-column-wrapper fusion-column-has-shadow fusion-flex-justify-content-flex-start fusion-content-layout-column\"><div class=\"fusion-text fusion-text-20\"><p>En restauraci\u00f3n existe un concepto llamado \u201cfalso hist\u00f3rico\u201d. El falso hist\u00f3rico se produce cuando somos incapaces de distinguir cu\u00e1l es la pieza original y cu\u00e1l es la zona que hemos reintegrado durante la restauraci\u00f3n. Con el criterio de la <strong>legibilidad<\/strong> siempre procuramos que\u00a0 nuestra faena sea f\u00e1cilmente identificable.<\/p>\n<\/div><\/div><\/div><div class=\"fusion-layout-column fusion_builder_column_inner fusion-builder-nested-column-9 fusion_builder_column_inner_1_2 1_2 fusion-flex-column\" style=\"--awb-padding-top:5%;--awb-padding-right:5%;--awb-padding-left:5%;--awb-bg-color:#f7f7f7;--awb-bg-color-hover:#f7f7f7;--awb-bg-size:cover;--awb-border-color:var(--awb-color5);--awb-border-left:3px;--awb-border-style:solid;--awb-width-large:50%;--awb-margin-top-large:0px;--awb-spacing-right-large:30px;--awb-margin-bottom-large:30px;--awb-spacing-left-large:calc( 0.04 * calc( 100% - 60px ) );--awb-width-medium:50%;--awb-order-medium:0;--awb-spacing-right-medium:30px;--awb-spacing-left-medium:calc( 0.04 * calc( 100% - 60px ) );--awb-width-small:100%;--awb-order-small:0;--awb-spacing-right-small:30px;--awb-spacing-left-small:30px;\"><div class=\"fusion-column-wrapper fusion-column-has-shadow fusion-flex-justify-content-flex-start fusion-content-layout-column\"><div class=\"fusion-text fusion-text-21\"><p>Como tendencia de los \u00faltimos a\u00f1os a\u00f1adimos el criterio de la\u00a0<strong>m\u00ednima intervenci\u00f3n<\/strong>. Consiste en actuar lo menos posible sobre la pieza, es decir: si un libro conserva un buen cosido optaremos por no descoserlo si no es estrictamente necesario.<\/p>\n<\/div><\/div><\/div><\/div><\/div><\/div><div class=\"fusion-layout-column fusion_builder_column fusion-builder-column-9 fusion_builder_column_1_1 1_1 fusion-flex-column\" style=\"--awb-padding-top:30px;--awb-padding-right:45px;--awb-padding-bottom:20px;--awb-padding-left:45px;--awb-bg-color:var(--awb-color5);--awb-bg-color-hover:var(--awb-color5);--awb-bg-size:cover;--awb-width-large:100%;--awb-margin-top-large:0px;--awb-spacing-right-large:30px;--awb-margin-bottom-large:35px;--awb-spacing-left-large:30px;--awb-width-medium:100%;--awb-order-medium:0;--awb-spacing-right-medium:30px;--awb-spacing-left-medium:30px;--awb-width-small:100%;--awb-order-small:0;--awb-spacing-right-small:30px;--awb-spacing-left-small:30px;\"><div class=\"fusion-column-wrapper fusion-column-has-shadow fusion-flex-justify-content-flex-start fusion-content-layout-column\"><div class=\"fusion-text fusion-text-22\" style=\"--awb-font-size:36px;--awb-text-color:var(--awb-color1);--awb-text-font-family:&quot;Open Sans&quot;;--awb-text-font-style:normal;--awb-text-font-weight:800;\"><p>Memoria de restauraci\u00f3n<\/p>\n<\/div><div class=\"fusion-text fusion-text-23\" style=\"--awb-text-color:var(--awb-color1);\"><p>El ingreso al taller de una pieza para restaurar, implica autom\u00e1ticamente una <b>documentaci\u00f3n exhaustiva<\/b> que se traduce posteriormente en forma de memoria. Esta <b>memoria de\u00a0restauraci\u00f3n<\/b> refleja:<\/p>\n<ul class=\"cl_llistes\">\n<li>El estado de conservaci\u00f3n de la pieza antes de la intervenci\u00f3n<\/li>\n<li>Los resultados de los an\u00e1lisis f\u00edsicas i qu\u00edmicas<\/li>\n<li>Los procedimientos, t\u00e9cnicos y materiales de la restauraci\u00f3n<\/li>\n<li>Unos consejos b\u00e1sicos para a la buena conservaci\u00f3n de los objetos<\/li>\n<\/ul>\n<p>Esta memoria podr\u00e1 ayudar, en un futuro, a entender mejor el envejecimiento de las piezas i facilitara la tasca a futuros conservadores y restauradores a reversibilizar los procesos si fuera necesario.<\/p>\n<\/div><\/div><\/div><div class=\"fusion-layout-column fusion_builder_column fusion-builder-column-10 fusion_builder_column_1_1 1_1 fusion-flex-column\" style=\"--awb-bg-size:cover;--awb-width-large:100%;--awb-margin-top-large:20px;--awb-spacing-right-large:30px;--awb-margin-bottom-large:0px;--awb-spacing-left-large:30px;--awb-width-medium:100%;--awb-order-medium:0;--awb-spacing-right-medium:30px;--awb-margin-bottom-medium:60px;--awb-spacing-left-medium:30px;--awb-width-small:100%;--awb-order-small:0;--awb-spacing-right-small:30px;--awb-margin-bottom-small:35px;--awb-spacing-left-small:30px;\"><div class=\"fusion-column-wrapper fusion-column-has-shadow fusion-flex-justify-content-flex-start fusion-content-layout-column\"><div class=\"fusion-text fusion-text-24\" style=\"--awb-font-size:36px;--awb-text-color:var(--awb-color5);--awb-text-font-family:&quot;Open Sans&quot;;--awb-text-font-style:normal;--awb-text-font-weight:800;\"><p>Galer\u00eda fotogr\u00e1fica<\/p>\n<\/div><div class=\"awb-gallery-wrapper awb-gallery-wrapper-2 button-span-no\"><div style=\"margin:-30px;--awb-bordersize:0px;\" class=\"fusion-gallery fusion-gallery-container fusion-grid-1 fusion-columns-total-1 fusion-gallery-layout-grid fusion-gallery-2\"><div style=\"padding:30px;\" class=\"fusion-grid-column fusion-gallery-column fusion-gallery-column-1 hover-type-none\"><div class=\"fusion-gallery-image\"><a href=\"https:\/\/bertablasi.com\/wp-content\/uploads\/2014\/05\/BBlasi_conservacio_restauracio_processos.jpg?v=1688739130\" rel=\"noreferrer\" data-rel=\"iLightbox[gallery_image_2]\" class=\"fusion-lightbox\" target=\"_self\"><img decoding=\"async\" src=\"https:\/\/bertablasi.com\/wp-content\/uploads\/2014\/05\/BBlasi_conservacio_restauracio_processos.jpg?v=1688739130\" data-orig-src=\"https:\/\/bertablasi.com\/wp-content\/uploads\/2014\/05\/BBlasi_conservacio_restauracio_processos.jpg?v=1688739130\" width=\"1173\" height=\"400\" alt=\"Processos de conservaci\u00f3 i restauraci\u00f3: Neteja en sec, consolidaci\u00f3 i retoc crom\u00e0tic de diferents tipus de peces\" title=\"Processos de conservaci\u00f3 i restauraci\u00f3: Neteja en sec, consolidaci\u00f3 i retoc crom\u00e0tic de diferents tipus de peces\" aria-label=\"Processos de conservaci\u00f3 i restauraci\u00f3: Neteja en sec, consolidaci\u00f3 i retoc crom\u00e0tic de diferents tipus de peces\" class=\"lazyload img-responsive wp-image-3900\" srcset=\"data:image\/svg+xml,%3Csvg%20xmlns%3D%27http%3A%2F%2Fwww.w3.org%2F2000%2Fsvg%27%20width%3D%271173%27%20height%3D%27400%27%20viewBox%3D%270%200%201173%20400%27%3E%3Crect%20width%3D%271173%27%20height%3D%27400%27%20fill-opacity%3D%220%22%2F%3E%3C%2Fsvg%3E\" data-srcset=\"https:\/\/bertablasi.com\/wp-content\/uploads\/2014\/05\/BBlasi_conservacio_restauracio_processos-200x68.jpg?v=1688739130 200w, https:\/\/bertablasi.com\/wp-content\/uploads\/2014\/05\/BBlasi_conservacio_restauracio_processos-300x102.jpg?v=1688739130 300w, https:\/\/bertablasi.com\/wp-content\/uploads\/2014\/05\/BBlasi_conservacio_restauracio_processos-400x136.jpg?v=1688739130 400w, https:\/\/bertablasi.com\/wp-content\/uploads\/2014\/05\/BBlasi_conservacio_restauracio_processos-600x205.jpg?v=1688739130 600w, https:\/\/bertablasi.com\/wp-content\/uploads\/2014\/05\/BBlasi_conservacio_restauracio_processos-701x239.jpg?v=1688739130 701w, https:\/\/bertablasi.com\/wp-content\/uploads\/2014\/05\/BBlasi_conservacio_restauracio_processos-768x262.jpg?v=1688739130 768w, https:\/\/bertablasi.com\/wp-content\/uploads\/2014\/05\/BBlasi_conservacio_restauracio_processos-800x273.jpg?v=1688739130 800w, https:\/\/bertablasi.com\/wp-content\/uploads\/2014\/05\/BBlasi_conservacio_restauracio_processos-1024x349.jpg?v=1688739130 1024w, https:\/\/bertablasi.com\/wp-content\/uploads\/2014\/05\/BBlasi_conservacio_restauracio_processos.jpg?v=1688739130 1173w\" data-sizes=\"auto\" data-orig-sizes=\"(min-width: 2200px) 100vw, (min-width: 640px) 1200px, \" \/><\/a><\/div><\/div><div class=\"clearfix\"><\/div><\/div><\/div><\/div><\/div><\/div><\/div><div class=\"fusion-fullwidth fullwidth-box fusion-builder-row-6 fusion-flex-container nonhundred-percent-fullwidth non-hundred-percent-height-scrolling\" style=\"--awb-border-radius-top-left:0px;--awb-border-radius-top-right:0px;--awb-border-radius-bottom-right:0px;--awb-border-radius-bottom-left:0px;--awb-padding-top:35px;--awb-padding-bottom:35px;--awb-background-color:var(--awb-color2);--awb-flex-wrap:wrap;\" ><div class=\"fusion-builder-row fusion-row fusion-flex-align-items-flex-start fusion-flex-content-wrap\" style=\"max-width:1248px;margin-left: calc(-4% \/ 2 );margin-right: calc(-4% \/ 2 );\"><div class=\"fusion-layout-column fusion_builder_column fusion-builder-column-11 fusion_builder_column_1_1 1_1 fusion-flex-column\" style=\"--awb-bg-size:cover;--awb-width-large:100%;--awb-margin-top-large:0px;--awb-spacing-right-large:1.92%;--awb-margin-bottom-large:20px;--awb-spacing-left-large:1.92%;--awb-width-medium:100%;--awb-order-medium:0;--awb-spacing-right-medium:1.92%;--awb-spacing-left-medium:1.92%;--awb-width-small:100%;--awb-order-small:0;--awb-spacing-right-small:1.92%;--awb-spacing-left-small:1.92%;\"><div class=\"fusion-column-wrapper fusion-column-has-shadow fusion-flex-justify-content-flex-start fusion-content-layout-column\"><div class=\"fusion-text fusion-text-25 fusion-text-no-margin\" style=\"--awb-content-alignment:center;--awb-font-size:42px;--awb-text-color:var(--awb-color5);--awb-margin-bottom:0px;--awb-text-font-family:&quot;Open Sans&quot;;--awb-text-font-style:normal;--awb-text-font-weight:800;\"><p>Contacta con nosotros<\/p>\n<\/div><div class=\"fusion-text fusion-text-26\" style=\"--awb-content-alignment:center;\"><p>Si tienes cualquier duda o consulta, no dudes en preguntarnos y te atenderemos r\u00e1pidamente.<\/p>\n<\/div><div style=\"text-align:center;\"><a class=\"fusion-button button-flat fusion-button-default-size button-default fusion-button-default button-2 fusion-button-default-span fusion-button-default-type\" target=\"_self\" href=\"\/es\/contacte\/\"><span class=\"fusion-button-text awb-button__text awb-button__text--default\">Contactar<\/span><\/a><\/div><\/div><\/div><\/div><\/div><\/p>","protected":false},"excerpt":{"rendered":"","protected":false},"author":2,"featured_media":0,"parent":6323,"menu_order":0,"comment_status":"closed","ping_status":"closed","template":"100-width.php","meta":{"footnotes":""},"class_list":["post-6326","page","type-page","status-publish","hentry"],"aioseo_notices":[],"_links":{"self":[{"href":"https:\/\/bertablasi.com\/es\/wp-json\/wp\/v2\/pages\/6326","targetHints":{"allow":["GET"]}}],"collection":[{"href":"https:\/\/bertablasi.com\/es\/wp-json\/wp\/v2\/pages"}],"about":[{"href":"https:\/\/bertablasi.com\/es\/wp-json\/wp\/v2\/types\/page"}],"author":[{"embeddable":true,"href":"https:\/\/bertablasi.com\/es\/wp-json\/wp\/v2\/users\/2"}],"replies":[{"embeddable":true,"href":"https:\/\/bertablasi.com\/es\/wp-json\/wp\/v2\/comments?post=6326"}],"version-history":[{"count":26,"href":"https:\/\/bertablasi.com\/es\/wp-json\/wp\/v2\/pages\/6326\/revisions"}],"predecessor-version":[{"id":6800,"href":"https:\/\/bertablasi.com\/es\/wp-json\/wp\/v2\/pages\/6326\/revisions\/6800"}],"up":[{"embeddable":true,"href":"https:\/\/bertablasi.com\/es\/wp-json\/wp\/v2\/pages\/6323"}],"wp:attachment":[{"href":"https:\/\/bertablasi.com\/es\/wp-json\/wp\/v2\/media?parent=6326"}],"curies":[{"name":"wp","href":"https:\/\/api.w.org\/{rel}","templated":true}]}}